{"id":266,"date":"2021-03-26T15:11:47","date_gmt":"2021-03-26T15:11:47","guid":{"rendered":"https:\/\/transformation-haus-feld.de\/warum-am-thf"},"modified":"2021-04-01T11:24:06","modified_gmt":"2021-04-01T11:24:06","slug":"warum-am-thf","status":"publish","type":"page","link":"https:\/\/transformation-haus-feld.de\/en\/transformationszentrum\/warum-am-thf","title":{"rendered":"Why at THF?"},"content":{"rendered":"<div class=\"wpb-content-wrapper\"><p>[vc_row][vc_column][vc_empty_space height=&#8221;20vh&#8221;][\/vc_column][\/vc_row][vc_row][vc_column width=&#8221;1\/6&#8243;][\/vc_column][vc_column width=&#8221;2\/3&#8243;][vc_column_text]<\/p>\n<h1><span style=\"color: #e85400;\">Why at THF?<\/span><\/h1>\n<p>[\/vc_column_text][vc_row_inner][vc_column_inner width=&#8221;1\/2&#8243;][vc_column_text]<strong>7 good reasons for a transformation centre at THF\u00a0<\/strong><\/p>\n<p>Berliners love their field. They use it for recreation, sports and hobbies. It is one of the most important places in the city for meeting and regeneration, and one that can become a location for change. This is not entirely uncomplicated: the field is contaminated with explosive ordnance and paraffin \u2013 food cultivation is only possible in raised beds. Making the building usable is also costly: it has never been completely finished, and most of the 7620 rooms are empty. Even the most necessary renovation was postponed or delayed. What could be done was more expensive than expected. We know that. All that being said: there are very good reasons for setting up Germany&#8217;s first transformation centre for all right here:[\/vc_column_text][\/vc_column_inner][vc_column_inner width=&#8221;1\/2&#8243;][\/vc_column_inner][\/vc_row_inner][vc_empty_space height=&#8221;10vh&#8221;][\/vc_column][vc_column width=&#8221;1\/6&#8243;][\/vc_column][\/vc_row][vc_row][vc_column width=&#8221;1\/6&#8243;][\/vc_column][vc_column width=&#8221;2\/6&#8243;][vc_column_text]<\/p>\n<h2><span style=\"color: #e85400;\">1<\/span><br \/>\n<span style=\"color: #e85400;\">THF loves civil society<\/span><\/h2>\n<p>[\/vc_column_text][\/vc_column][vc_column width=&#8221;2\/6&#8243;][vc_column_text]Das Feld ist nur deshalb unbebaut und damit frei f\u00fcr die Utopie von unten, weil die Berliner Stadtgesellschaft es so will: Zivilgesellschaftliche Initiativen wie 100% THF haben mit hunderten Freiwilligen eine beeindruckende Bewegung geschaffen. Ihr Erfolg ver\u00e4nderte die Stadt. 2014 sprach sich die Mehrheit der Berliner:innen in einem Volksentscheid daf\u00fcr aus, dass das Tempelhofer Feld Gemeingut wird. Sp\u00e4testens seitdem wei\u00df Berlin, was Demokratie wirklich hei\u00dft: dass wir entscheiden. An diese wunderbare Episode kn\u00fcpfen wir an.<br \/>\n[\/vc_column_text][\/vc_column][vc_column width=&#8221;1\/6&#8243;][\/vc_column][\/vc_row][vc_row][vc_column width=&#8221;1\/6&#8243;][\/vc_column][vc_column width=&#8221;2\/6&#8243;][vc_column_text]<\/p>\n<h2><span style=\"color: #e85400;\">2<br \/>\nWe know more today<br \/>\n<\/span><\/h2>\n<p>[\/vc_column_text][\/vc_column][vc_column width=&#8221;2\/6&#8243;][vc_column_text]At the time, 100% THF deliberately refrained from presenting a utilisation concept. The future was supposed to show what Berlin&#8217;s urban society would need the undeveloped field for one day. Et voil\u00e0, here we are. Six years later. The climate crisis has arrived in the consciousness and in the landscape. City trees dry out and have to be watered. Farmers in Brandenburg are fighting against desertification. The Harz Mountains and many other regions are losing their unique forests to the bark beetle. It is time that we adapt our coexistence, our work and our economy to this change.[\/vc_column_text][\/vc_column][vc_column width=&#8221;1\/6&#8243;][\/vc_column][\/vc_row][vc_row][vc_column width=&#8221;1\/6&#8243;][\/vc_column][vc_column width=&#8221;2\/6&#8243;][vc_column_text]<\/p>\n<h2><span style=\"color: #e85400;\">3<\/span><br \/>\n<span style=\"color: #e85400;\">We learn from history <\/span><\/h2>\n<p>[\/vc_column_text][\/vc_column][vc_column width=&#8221;2\/6&#8243;][vc_column_text]The history of Tempelhof Airport has shaped the fate of Berliners before. During the blockade after the Second World War, it was used to supply the city&#8217;s population. Today, we are going one step further: we are learning to provide for ourselves at this significant site. We\u2019re taking the lessons of the past with us into the future. Never again shall ideologies of inequality poison our coexistence. We are committed to making the Transformation Centre a place for all people.[\/vc_column_text][\/vc_column][vc_column width=&#8221;1\/6&#8243;][\/vc_column][\/vc_row][vc_row][vc_column width=&#8221;1\/6&#8243;][\/vc_column][vc_column width=&#8221;2\/6&#8243;][vc_column_text]<\/p>\n<h2><span style=\"color: #e85400;\">4<\/span><br \/>\n<span style=\"color: #e85400;\">Working with what we have<\/span><\/h2>\n<p>[\/vc_column_text][\/vc_column][vc_column width=&#8221;2\/6&#8243;][vc_column_text]The climate crisis dramatically demonstrates the need for rethinking: a limited CO2 budget, overloading of ecological and social systems, and planetary boundaries. We learn from this that we cannot claim new space to create something new. It has to be built on what exists; it has to compensate for destruction and bring life back to neglected places. Tempelhofer Feld, especially the airport building, are places where this must happen. Explosive ordnance and paraffin contamination must be removed, and the buildings must be restored using sustainable architecture techniques. The field and the building can then become the place that proves that socio-ecological reconstruction is possible, and even increases our quality of life.[\/vc_column_text][\/vc_column][vc_column width=&#8221;1\/6&#8243;][\/vc_column][\/vc_row][vc_row][vc_column width=&#8221;1\/6&#8243;][\/vc_column][vc_column width=&#8221;2\/6&#8243;][vc_column_text]<\/p>\n<h2><span style=\"color: #e85400;\">5<\/span><br \/>\n<span style=\"color: #e85400;\">We need agriculture in the city<\/span><\/h2>\n<p>[\/vc_column_text][\/vc_column][vc_column width=&#8221;2\/6&#8243;][vc_column_text]Detroit has shown the way, Albi, Paris and Amsterdam are following suit: socio-ecological transformation is possible if we blur the boundaries between urban and rural space. It is important that food production is also implemented in the cities, as only with regional supply cycles will we become independent. With its enormous area, the outer ring of Tempelhofer Feld offers enough space to test this. Of course, this area is not enough to supply the whole of Berlin. Our focus is on education and training, which also facilitates the establishment of a farm in the surrounding area. Such a plan can only be developed holistically and by involving the people of Brandenburg.[\/vc_column_text][\/vc_column][vc_column width=&#8221;1\/6&#8243;][\/vc_column][\/vc_row][vc_row][vc_column width=&#8221;1\/6&#8243;][\/vc_column][vc_column width=&#8221;2\/6&#8243;][vc_column_text]<\/p>\n<h2><span style=\"color: #e85400;\">6<\/span><br \/>\n<span style=\"color: #e85400;\">Berlin, we love you <\/span><\/h2>\n<p>[\/vc_column_text][\/vc_column][vc_column width=&#8221;2\/6&#8243;][vc_column_text]The television tower is a landmark of Berlin, but also that of a historical epoch that is coming to an end. Tall buildings as symbols of imposing technological achievements have long since ceased to fit the practical and unagitated progressive thinking of Berliners. The THF field and house stand for the people, for a meeting at eye level and for creative use &#8211; they are like Berlin. As a transformation centre for all, they have what it takes to become Berlin&#8217;s contemporary and much more fitting landmark.[\/vc_column_text][\/vc_column][vc_column width=&#8221;1\/6&#8243;][\/vc_column][\/vc_row][vc_row][vc_column width=&#8221;1\/6&#8243;][\/vc_column][vc_column width=&#8221;2\/6&#8243;][vc_column_text]<\/p>\n<h2><span style=\"color: #e85400;\">7<\/span><br \/>\n<span style=\"color: #e85400;\">Everywhere, especially here, is the best place <\/span><\/h2>\n<p>[\/vc_column_text][\/vc_column][vc_column width=&#8221;2\/6&#8243;][vc_column_text]In our view, every region needs such a transformation centre to meet the challenges of the 21st century. Rural regions are also facing profound structural changes. Berlin as a metropolitan region is particularly vulnerable to supply bottlenecks and mass unemployment. Due to its special nature, the capital has the responsibility and the opportunity to initiate transformation.[\/vc_column_text][\/vc_column][vc_column width=&#8221;1\/6&#8243;][\/vc_column][\/vc_row][vc_row][vc_column][vc_empty_space height=&#8221;20vh&#8221;][\/vc_column][\/vc_row]<\/p>\n<\/div>","protected":false},"excerpt":{"rendered":"<p>[vc_row][vc_column][vc_empty_space height=&#8221;20vh&#8221;][\/vc_column][\/vc_row][vc_row][vc_column width=&#8221;1\/6&#8243;][\/vc_column][vc_column width=&#8221;2\/3&#8243;][vc_column_text] Why at THF? [\/vc_column_text][vc_row_inner][vc_column_inner width=&#8221;1\/2&#8243;][vc_column_text]7 good reasons for a transformation centre at THF\u00a0 Berliners love their field. They use it for recreation, sports and hobbies. It is one of the most important places in the city for meeting and regeneration, and one that can become a location for change. This is&hellip;<\/p>\n","protected":false},"author":1,"featured_media":0,"parent":267,"menu_order":0,"comment_status":"closed","ping_status":"closed","template":"","meta":{"inline_featured_image":false,"footnotes":""},"class_list":["post-266","page","type-page","status-publish","hentry"],"acf":[],"yoast_head":"<!-- This site is optimized with the Yoast SEO plugin v27.4 - https:\/\/yoast.com\/product\/yoast-seo-wordpress\/ -->\n<title>Why at THF? - TRANSFORMATION HAUS &amp; FELD<\/title>\n<meta name=\"robots\" content=\"index, follow, max-snippet:-1, max-image-preview:large, max-video-preview:-1\" \/>\n<link rel=\"canonical\" href=\"https:\/\/transformation-haus-feld.de\/en\/transformationszentrum\/warum-am-thf\" \/>\n<meta property=\"og:locale\" content=\"en_US\" \/>\n<meta property=\"og:type\" content=\"article\" \/>\n<meta property=\"og:title\" content=\"Why at THF? - TRANSFORMATION HAUS &amp; FELD\" \/>\n<meta property=\"og:description\" content=\"[vc_row][vc_column][vc_empty_space height=&#8221;20vh&#8221;][\/vc_column][\/vc_row][vc_row][vc_column width=&#8221;1\/6&#8243;][\/vc_column][vc_column width=&#8221;2\/3&#8243;][vc_column_text] Why at THF? [\/vc_column_text][vc_row_inner][vc_column_inner width=&#8221;1\/2&#8243;][vc_column_text]7 good reasons for a transformation centre at THF\u00a0 Berliners love their field. They use it for recreation, sports and hobbies. It is one of the most important places in the city for meeting and regeneration, and one that can become a location for change. This is&hellip;\" \/>\n<meta property=\"og:url\" content=\"https:\/\/transformation-haus-feld.de\/en\/transformationszentrum\/warum-am-thf\" \/>\n<meta property=\"og:site_name\" content=\"TRANSFORMATION HAUS &amp; FELD\" \/>\n<meta property=\"article:modified_time\" content=\"2021-04-01T11:24:06+00:00\" \/>\n<meta property=\"og:image\" content=\"https:\/\/transformation-haus-feld.de\/wp-content\/uploads\/2021\/05\/Hero2-scaled-1.jpg\" \/>\n\t<meta property=\"og:image:width\" content=\"2048\" \/>\n\t<meta property=\"og:image:height\" content=\"1158\" \/>\n\t<meta property=\"og:image:type\" content=\"image\/jpeg\" \/>\n<meta name=\"twitter:label1\" content=\"Est. reading time\" \/>\n\t<meta name=\"twitter:data1\" content=\"4 minutes\" \/>\n<script type=\"application\/ld+json\" class=\"yoast-schema-graph\">{\"@context\":\"https:\\\/\\\/schema.org\",\"@graph\":[{\"@type\":\"WebPage\",\"@id\":\"https:\\\/\\\/transformation-haus-feld.de\\\/en\\\/transformationszentrum\\\/warum-am-thf\",\"url\":\"https:\\\/\\\/transformation-haus-feld.de\\\/en\\\/transformationszentrum\\\/warum-am-thf\",\"name\":\"Why at THF? - TRANSFORMATION HAUS &amp; FELD\",\"isPartOf\":{\"@id\":\"https:\\\/\\\/transformation-haus-feld.de\\\/en#website\"},\"datePublished\":\"2021-03-26T15:11:47+00:00\",\"dateModified\":\"2021-04-01T11:24:06+00:00\",\"breadcrumb\":{\"@id\":\"https:\\\/\\\/transformation-haus-feld.de\\\/en\\\/transformationszentrum\\\/warum-am-thf#breadcrumb\"},\"inLanguage\":\"en-US\",\"potentialAction\":[{\"@type\":\"ReadAction\",\"target\":[\"https:\\\/\\\/transformation-haus-feld.de\\\/en\\\/transformationszentrum\\\/warum-am-thf\"]}]},{\"@type\":\"BreadcrumbList\",\"@id\":\"https:\\\/\\\/transformation-haus-feld.de\\\/en\\\/transformationszentrum\\\/warum-am-thf#breadcrumb\",\"itemListElement\":[{\"@type\":\"ListItem\",\"position\":1,\"name\":\"Startseite\",\"item\":\"https:\\\/\\\/transformation-haus-feld.de\\\/en\"},{\"@type\":\"ListItem\",\"position\":2,\"name\":\"Transformation Centre\",\"item\":\"https:\\\/\\\/transformation-haus-feld.de\\\/en\\\/transformationszentrum\"},{\"@type\":\"ListItem\",\"position\":3,\"name\":\"Why at THF?\"}]},{\"@type\":\"WebSite\",\"@id\":\"https:\\\/\\\/transformation-haus-feld.de\\\/en#website\",\"url\":\"https:\\\/\\\/transformation-haus-feld.de\\\/en\",\"name\":\"TRANSFORMATION HAUS &amp; FELD\",\"description\":\"\",\"publisher\":{\"@id\":\"https:\\\/\\\/transformation-haus-feld.de\\\/en#organization\"},\"potentialAction\":[{\"@type\":\"SearchAction\",\"target\":{\"@type\":\"EntryPoint\",\"urlTemplate\":\"https:\\\/\\\/transformation-haus-feld.de\\\/en?s={search_term_string}\"},\"query-input\":{\"@type\":\"PropertyValueSpecification\",\"valueRequired\":true,\"valueName\":\"search_term_string\"}}],\"inLanguage\":\"en-US\"},{\"@type\":\"Organization\",\"@id\":\"https:\\\/\\\/transformation-haus-feld.de\\\/en#organization\",\"name\":\"Transformation Haus & Feld\",\"url\":\"https:\\\/\\\/transformation-haus-feld.de\\\/en\",\"logo\":{\"@type\":\"ImageObject\",\"inLanguage\":\"en-US\",\"@id\":\"https:\\\/\\\/transformation-haus-feld.de\\\/en#\\\/schema\\\/logo\\\/image\\\/\",\"url\":\"https:\\\/\\\/transformation-haus-feld.de\\\/wp-content\\\/uploads\\\/2021\\\/04\\\/THF_Inline_2farbigNEW_Zeichenflaeche-1.png\",\"contentUrl\":\"https:\\\/\\\/transformation-haus-feld.de\\\/wp-content\\\/uploads\\\/2021\\\/04\\\/THF_Inline_2farbigNEW_Zeichenflaeche-1.png\",\"width\":469,\"height\":419,\"caption\":\"Transformation Haus & Feld\"},\"image\":{\"@id\":\"https:\\\/\\\/transformation-haus-feld.de\\\/en#\\\/schema\\\/logo\\\/image\\\/\"},\"sameAs\":[\"https:\\\/\\\/x.com\\\/trafo_haus_feld\",\"https:\\\/\\\/www.instagram.com\\\/transformationhausundfeld\\\/\"]}]}<\/script>\n<!-- \/ Yoast SEO plugin. -->","yoast_head_json":{"title":"Why at THF? - TRANSFORMATION HAUS &amp; FELD","robots":{"index":"index","follow":"follow","max-snippet":"max-snippet:-1","max-image-preview":"max-image-preview:large","max-video-preview":"max-video-preview:-1"},"canonical":"https:\/\/transformation-haus-feld.de\/en\/transformationszentrum\/warum-am-thf","og_locale":"en_US","og_type":"article","og_title":"Why at THF? - TRANSFORMATION HAUS &amp; FELD","og_description":"[vc_row][vc_column][vc_empty_space height=&#8221;20vh&#8221;][\/vc_column][\/vc_row][vc_row][vc_column width=&#8221;1\/6&#8243;][\/vc_column][vc_column width=&#8221;2\/3&#8243;][vc_column_text] Why at THF? [\/vc_column_text][vc_row_inner][vc_column_inner width=&#8221;1\/2&#8243;][vc_column_text]7 good reasons for a transformation centre at THF\u00a0 Berliners love their field. They use it for recreation, sports and hobbies. It is one of the most important places in the city for meeting and regeneration, and one that can become a location for change. This is&hellip;","og_url":"https:\/\/transformation-haus-feld.de\/en\/transformationszentrum\/warum-am-thf","og_site_name":"TRANSFORMATION HAUS &amp; FELD","article_modified_time":"2021-04-01T11:24:06+00:00","og_image":[{"width":2048,"height":1158,"url":"https:\/\/transformation-haus-feld.de\/wp-content\/uploads\/2021\/05\/Hero2-scaled-1.jpg","type":"image\/jpeg"}],"twitter_misc":{"Est. reading time":"4 minutes"},"schema":{"@context":"https:\/\/schema.org","@graph":[{"@type":"WebPage","@id":"https:\/\/transformation-haus-feld.de\/en\/transformationszentrum\/warum-am-thf","url":"https:\/\/transformation-haus-feld.de\/en\/transformationszentrum\/warum-am-thf","name":"Why at THF? - TRANSFORMATION HAUS &amp; FELD","isPartOf":{"@id":"https:\/\/transformation-haus-feld.de\/en#website"},"datePublished":"2021-03-26T15:11:47+00:00","dateModified":"2021-04-01T11:24:06+00:00","breadcrumb":{"@id":"https:\/\/transformation-haus-feld.de\/en\/transformationszentrum\/warum-am-thf#breadcrumb"},"inLanguage":"en-US","potentialAction":[{"@type":"ReadAction","target":["https:\/\/transformation-haus-feld.de\/en\/transformationszentrum\/warum-am-thf"]}]},{"@type":"BreadcrumbList","@id":"https:\/\/transformation-haus-feld.de\/en\/transformationszentrum\/warum-am-thf#breadcrumb","itemListElement":[{"@type":"ListItem","position":1,"name":"Startseite","item":"https:\/\/transformation-haus-feld.de\/en"},{"@type":"ListItem","position":2,"name":"Transformation Centre","item":"https:\/\/transformation-haus-feld.de\/en\/transformationszentrum"},{"@type":"ListItem","position":3,"name":"Why at THF?"}]},{"@type":"WebSite","@id":"https:\/\/transformation-haus-feld.de\/en#website","url":"https:\/\/transformation-haus-feld.de\/en","name":"TRANSFORMATION HAUS &amp; FELD","description":"","publisher":{"@id":"https:\/\/transformation-haus-feld.de\/en#organization"},"potentialAction":[{"@type":"SearchAction","target":{"@type":"EntryPoint","urlTemplate":"https:\/\/transformation-haus-feld.de\/en?s={search_term_string}"},"query-input":{"@type":"PropertyValueSpecification","valueRequired":true,"valueName":"search_term_string"}}],"inLanguage":"en-US"},{"@type":"Organization","@id":"https:\/\/transformation-haus-feld.de\/en#organization","name":"Transformation Haus & Feld","url":"https:\/\/transformation-haus-feld.de\/en","logo":{"@type":"ImageObject","inLanguage":"en-US","@id":"https:\/\/transformation-haus-feld.de\/en#\/schema\/logo\/image\/","url":"https:\/\/transformation-haus-feld.de\/wp-content\/uploads\/2021\/04\/THF_Inline_2farbigNEW_Zeichenflaeche-1.png","contentUrl":"https:\/\/transformation-haus-feld.de\/wp-content\/uploads\/2021\/04\/THF_Inline_2farbigNEW_Zeichenflaeche-1.png","width":469,"height":419,"caption":"Transformation Haus & Feld"},"image":{"@id":"https:\/\/transformation-haus-feld.de\/en#\/schema\/logo\/image\/"},"sameAs":["https:\/\/x.com\/trafo_haus_feld","https:\/\/www.instagram.com\/transformationhausundfeld\/"]}]}},"_links":{"self":[{"href":"https:\/\/transformation-haus-feld.de\/en\/wp-json\/wp\/v2\/pages\/266","targetHints":{"allow":["GET"]}}],"collection":[{"href":"https:\/\/transformation-haus-feld.de\/en\/wp-json\/wp\/v2\/pages"}],"about":[{"href":"https:\/\/transformation-haus-feld.de\/en\/wp-json\/wp\/v2\/types\/page"}],"author":[{"embeddable":true,"href":"https:\/\/transformation-haus-feld.de\/en\/wp-json\/wp\/v2\/users\/1"}],"replies":[{"embeddable":true,"href":"https:\/\/transformation-haus-feld.de\/en\/wp-json\/wp\/v2\/comments?post=266"}],"version-history":[{"count":4,"href":"https:\/\/transformation-haus-feld.de\/en\/wp-json\/wp\/v2\/pages\/266\/revisions"}],"predecessor-version":[{"id":290,"href":"https:\/\/transformation-haus-feld.de\/en\/wp-json\/wp\/v2\/pages\/266\/revisions\/290"}],"up":[{"embeddable":true,"href":"https:\/\/transformation-haus-feld.de\/en\/wp-json\/wp\/v2\/pages\/267"}],"wp:attachment":[{"href":"https:\/\/transformation-haus-feld.de\/en\/wp-json\/wp\/v2\/media?parent=266"}],"curies":[{"name":"wp","href":"https:\/\/api.w.org\/{rel}","templated":true}]}}